{"id":1754,"date":"2015-11-17T00:00:00","date_gmt":"2015-11-17T05:00:00","guid":{"rendered":"https:\/\/www.acluga.org\/sobre-nosotros\/"},"modified":"2015-11-17T00:00:00","modified_gmt":"2015-11-17T05:00:00","slug":"sobre-nosotros","status":"publish","type":"page","link":"https:\/\/www.acluga.org\/es\/sobre-nosotros\/","title":{"rendered":"Sobre Nosotros"},"content":{"rendered":"<p>La ACLU de Georgia visualiza un Estado que garantiza a todas las personas los derechos y libertades civiles contenidas en la Carta de Derechos y en las Constituciones de los Estados Unidos y de Georgia.<br \/>\n<!--more--><\/p>\n<h2>Visi\u00f3n y Misi\u00f3n de la ACLU de Georgia<\/h2>\n<p>La ACLU de Georgia visualiza un Estado que garantiza a todas las personas los derechos y libertades civiles contenidas en la Carta de Derechos y en las Constituciones de los Estados Unidos y de Georgia.<br \/>La ACLU de Georgia fomenta y defiende los derechos y las libertades civiles de los Georgianos a trav\u00e9s de la acci\u00f3n legal, la defensa legislativa y comunitaria y la educaci\u00f3n y participaci\u00f3n c\u00edvica. Somos una organizaci\u00f3n inclusiva y no partidista, empoderada por nuestros miembros, donantes y voluntarios activos en todo el Estado.<\/p>\n<p><u>Valores fundamentales<\/u><\/p>\n<p>La ACLU de Georgia cree y act\u00faa sobre cinco valores fundamentales:<\/p>\n<p><u>Libertad y Justicia<\/u><br \/>Sostenemos que toda persona tiene igualdad ante la ley y tiene derecho a la vida, la libertad y la b\u00fasqueda de la felicidad.<\/p>\n<p><u>Democracia y Patriotismo<\/u><br \/>Creemos que los Estados Unidos debe vivir el verdadero significado de su credo, que las personas son creadas iguales y que todos los individuos deben hacer o\u00edr sus voces y poder participar en nuestro proceso pol\u00edtico. Celebramos y nos esforzamos por entender diferentes perspectivas, lo que nos permite permanecer unidos.<\/p>\n<p><u>Apartidismo<\/u><br \/>Nuestro trabajo es guiado por nuestra visi\u00f3n, misi\u00f3n y principios, independientemente del partido pol\u00edtico o la personalidad.<\/p>\n<p><u>Equidad e Inclusi\u00f3n<\/u><br \/>Creamos una cultura de pertenencia para todos dentro de nuestra organizaci\u00f3n, una que respeta y acoge las diferencias, que trata a las personas equitativamente y que empodera a su personal y a su Consejo para que realicen su trabajo lo mejor posible.<\/p>\n<p><u>Apoyo integral<\/u><br \/>Somos serios y decididos en nuestras convicciones y utilizaremos las t\u00e1cticas m\u00e1s efectivas y eficientes para continuar nuestra misi\u00f3n. Nos centraremos en aquellos m\u00e1s impactados por nuestro trabajo y trabajaremos con un abanico de socios de coalici\u00f3n.<\/p>\n<p><a class=\"cta-style-arrow\" href=\"https:\/\/action.aclu.org\/give\/georgia-join-renew-today\"><font color=\"#000000\" face=\"Arial, sans-serif\" size=\"3\"><span>\u00danete a nosotros<\/span><\/font><\/a><br \/>&nbsp;<\/p>\n","protected":false},"excerpt":{"rendered":"<p>La ACLU de Georgia visualiza un Estado que garantiza a todas las personas los derechos y libertades civiles contenidas en la Carta de Derechos y en las Constituciones de los Estados Unidos y de Georgia.<\/p>\n","protected":false},"author":6,"featured_media":0,"parent":0,"menu_order":0,"comment_status":"closed","ping_status":"closed","template":"","meta":{"_acf_changed":false,"_relevanssi_hide_post":"","_relevanssi_hide_content":"","_relevanssi_pin_for_all":"","_relevanssi_pin_keywords":"","_relevanssi_unpin_keywords":"","_relevanssi_related_keywords":"","_relevanssi_related_include_ids":"","_relevanssi_related_exclude_ids":"","_relevanssi_related_no_append":"","_relevanssi_related_not_related":"","_relevanssi_related_posts":"","_relevanssi_noindex_reason":"","footnotes":""},"class_list":["post-1754","page","type-page","status-publish","hentry"],"acf":{"layout":"default","header-group":{"header-description":"La ACLU de Georgia visualiza un Estado que garantiza a todas las personas los derechos y libertades civiles contenidas en la Carta de Derechos y en las Constituciones de los Estados Unidos y de Georgia.\n","show-subnav":false,"hide-from-subnav":false},"components":[{"acf_fc_layout":"heading","heading":{"":null,"text":"Visi\u00f3n y Misi\u00f3n de la ACLU de Georgia","anchor":"","sub-heading":"","type":"h2","heading-style":"standard"}},{"acf_fc_layout":"text","text":{"text":"La ACLU de Georgia visualiza un Estado que garantiza a todas las personas los derechos y libertades civiles contenidas en la Carta de Derechos y en las Constituciones de los Estados Unidos y de Georgia.<br>La ACLU de Georgia fomenta y defiende los derechos y las libertades civiles de los Georgianos a trav\u00e9s de la acci\u00f3n legal, la defensa legislativa y comunitaria y la educaci\u00f3n y participaci\u00f3n c\u00edvica. Somos una organizaci\u00f3n inclusiva y no partidista, empoderada por nuestros miembros, donantes y voluntarios activos en todo el Estado.\n\nValores fundamentales\n\nLa ACLU de Georgia cree y act\u00faa sobre cinco valores fundamentales:\n\nLibertad y Justicia<br>Sostenemos que toda persona tiene igualdad ante la ley y tiene derecho a la vida, la libertad y la b\u00fasqueda de la felicidad.\n\nDemocracia y Patriotismo<br>Creemos que los Estados Unidos debe vivir el verdadero significado de su credo, que las personas son creadas iguales y que todos los individuos deben hacer o\u00edr sus voces y poder participar en nuestro proceso pol\u00edtico. Celebramos y nos esforzamos por entender diferentes perspectivas, lo que nos permite permanecer unidos.\n\nApartidismo<br>Nuestro trabajo es guiado por nuestra visi\u00f3n, misi\u00f3n y principios, independientemente del partido pol\u00edtico o la personalidad.\n\nEquidad e Inclusi\u00f3n<br>Creamos una cultura de pertenencia para todos dentro de nuestra organizaci\u00f3n, una que respeta y acoge las diferencias, que trata a las personas equitativamente y que empodera a su personal y a su Consejo para que realicen su trabajo lo mejor posible.\n\nApoyo integral<br>Somos serios y decididos en nuestras convicciones y utilizaremos las t\u00e1cticas m\u00e1s efectivas y eficientes para continuar nuestra misi\u00f3n. Nos centraremos en aquellos m\u00e1s impactados por nuestro trabajo y trabajaremos con un abanico de socios de coalici\u00f3n.<br><br><a class=\"cta-style-arrow\" href=\"https:\/\/action.aclu.org\/give\/georgia-join-renew-today\">\u00danete a nosotros<\/a><br> "}}],"section":null,"issues":null,"related_content":[],"documents":null},"yoast_head":"<!-- This site is optimized with the Yoast SEO plugin v24.9 - https:\/\/yoast.com\/wordpress\/plugins\/seo\/ -->\n<title>Sobre Nosotros - ACLU of Georgia<\/title>\n<meta name=\"robots\" content=\"index, follow, max-snippet:-1, max-image-preview:large, max-video-preview:-1\" \/>\n<link rel=\"canonical\" href=\"http:\/\/www.acluga.org\/es\/sobre-nosotros\/\" \/>\n<meta property=\"og:locale\" content=\"es_ES\" \/>\n<meta property=\"og:type\" content=\"article\" \/>\n<meta property=\"og:title\" content=\"Sobre Nosotros - ACLU of Georgia\" \/>\n<meta property=\"og:description\" content=\"La ACLU de Georgia visualiza un Estado que garantiza a todas las personas los derechos y libertades civiles contenidas en la Carta de Derechos y en las Constituciones de los Estados Unidos y de Georgia.\" \/>\n<meta property=\"og:url\" content=\"https:\/\/www.acluga.org\/es\/sobre-nosotros\/\" \/>\n<meta property=\"og:site_name\" content=\"ACLU of Georgia\" \/>\n<meta property=\"og:image\" content=\"https:\/\/www.acluga.org\/app\/themes\/aclu-parent\/img\/default_fb_share.jpg\" \/>\n<meta name=\"twitter:card\" content=\"summary_large_image\" \/>\n<script type=\"application\/ld+json\" class=\"yoast-schema-graph\">{\"@context\":\"https:\/\/schema.org\",\"@graph\":[{\"@type\":\"WebPage\",\"@id\":\"http:\/\/www.acluga.org\/es\/sobre-nosotros\/\",\"url\":\"http:\/\/www.acluga.org\/es\/sobre-nosotros\/\",\"name\":\"Sobre Nosotros - ACLU of Georgia\",\"isPartOf\":{\"@id\":\"https:\/\/www.acluga.org\/#website\"},\"datePublished\":\"2015-11-17T05:00:00+00:00\",\"inLanguage\":\"es-ES\",\"potentialAction\":[{\"@type\":\"ReadAction\",\"target\":[\"http:\/\/www.acluga.org\/es\/sobre-nosotros\/\"]}]},{\"@type\":\"WebSite\",\"@id\":\"https:\/\/www.acluga.org\/#website\",\"url\":\"https:\/\/www.acluga.org\/\",\"name\":\"ACLU of Georgia\",\"description\":\"\",\"publisher\":{\"@id\":\"https:\/\/www.acluga.org\/#organization\"},\"potentialAction\":[{\"@type\":\"SearchAction\",\"target\":{\"@type\":\"EntryPoint\",\"urlTemplate\":\"https:\/\/www.acluga.org\/?s={search_term_string}\"},\"query-input\":{\"@type\":\"PropertyValueSpecification\",\"valueRequired\":true,\"valueName\":\"search_term_string\"}}],\"inLanguage\":\"es-ES\"},{\"@type\":\"Organization\",\"@id\":\"https:\/\/www.acluga.org\/#organization\",\"name\":\"ACLU of Georgia\",\"url\":\"https:\/\/www.acluga.org\/\",\"logo\":{\"@type\":\"ImageObject\",\"inLanguage\":\"es-ES\",\"@id\":\"https:\/\/www.acluga.org\/#\/schema\/logo\/image\/\",\"url\":\"https:\/\/www.acluga.org\/app\/uploads\/2025\/08\/ACLU_Georgia_Moblie-WebColor_RGB.png\",\"contentUrl\":\"https:\/\/www.acluga.org\/app\/uploads\/2025\/08\/ACLU_Georgia_Moblie-WebColor_RGB.png\",\"width\":2084,\"height\":2084,\"caption\":\"ACLU of Georgia\"},\"image\":{\"@id\":\"https:\/\/www.acluga.org\/#\/schema\/logo\/image\/\"}}]}<\/script>\n<!-- \/ Yoast SEO plugin. -->","yoast_head_json":{"title":"Sobre Nosotros - ACLU of Georgia","robots":{"index":"index","follow":"follow","max-snippet":"max-snippet:-1","max-image-preview":"max-image-preview:large","max-video-preview":"max-video-preview:-1"},"canonical":"http:\/\/www.acluga.org\/es\/sobre-nosotros\/","og_locale":"es_ES","og_type":"article","og_title":"Sobre Nosotros - ACLU of Georgia","og_description":"La ACLU de Georgia visualiza un Estado que garantiza a todas las personas los derechos y libertades civiles contenidas en la Carta de Derechos y en las Constituciones de los Estados Unidos y de Georgia.","og_url":"https:\/\/www.acluga.org\/es\/sobre-nosotros\/","og_site_name":"ACLU of Georgia","og_image":[{"url":"https:\/\/www.acluga.org\/app\/themes\/aclu-parent\/img\/default_fb_share.jpg","type":"","width":"","height":""}],"twitter_card":"summary_large_image","schema":{"@context":"https:\/\/schema.org","@graph":[{"@type":"WebPage","@id":"http:\/\/www.acluga.org\/es\/sobre-nosotros\/","url":"http:\/\/www.acluga.org\/es\/sobre-nosotros\/","name":"Sobre Nosotros - ACLU of Georgia","isPartOf":{"@id":"https:\/\/www.acluga.org\/#website"},"datePublished":"2015-11-17T05:00:00+00:00","inLanguage":"es-ES","potentialAction":[{"@type":"ReadAction","target":["http:\/\/www.acluga.org\/es\/sobre-nosotros\/"]}]},{"@type":"WebSite","@id":"https:\/\/www.acluga.org\/#website","url":"https:\/\/www.acluga.org\/","name":"ACLU of Georgia","description":"","publisher":{"@id":"https:\/\/www.acluga.org\/#organization"},"potentialAction":[{"@type":"SearchAction","target":{"@type":"EntryPoint","urlTemplate":"https:\/\/www.acluga.org\/?s={search_term_string}"},"query-input":{"@type":"PropertyValueSpecification","valueRequired":true,"valueName":"search_term_string"}}],"inLanguage":"es-ES"},{"@type":"Organization","@id":"https:\/\/www.acluga.org\/#organization","name":"ACLU of Georgia","url":"https:\/\/www.acluga.org\/","logo":{"@type":"ImageObject","inLanguage":"es-ES","@id":"https:\/\/www.acluga.org\/#\/schema\/logo\/image\/","url":"https:\/\/www.acluga.org\/app\/uploads\/2025\/08\/ACLU_Georgia_Moblie-WebColor_RGB.png","contentUrl":"https:\/\/www.acluga.org\/app\/uploads\/2025\/08\/ACLU_Georgia_Moblie-WebColor_RGB.png","width":2084,"height":2084,"caption":"ACLU of Georgia"},"image":{"@id":"https:\/\/www.acluga.org\/#\/schema\/logo\/image\/"}}]}},"distributor_meta":false,"distributor_terms":false,"distributor_media":false,"distributor_original_site_name":"ACLU of Georgia","distributor_original_site_url":"https:\/\/www.acluga.org\/es\/","push-errors":false,"_links":{"self":[{"href":"https:\/\/www.acluga.org\/es\/wp-json\/wp\/v2\/pages\/1754","targetHints":{"allow":["GET"]}}],"collection":[{"href":"https:\/\/www.acluga.org\/es\/wp-json\/wp\/v2\/pages"}],"about":[{"href":"https:\/\/www.acluga.org\/es\/wp-json\/wp\/v2\/types\/page"}],"author":[{"embeddable":true,"href":"https:\/\/www.acluga.org\/es\/wp-json\/wp\/v2\/users\/6"}],"replies":[{"embeddable":true,"href":"https:\/\/www.acluga.org\/es\/wp-json\/wp\/v2\/comments?post=1754"}],"version-history":[{"count":0,"href":"https:\/\/www.acluga.org\/es\/wp-json\/wp\/v2\/pages\/1754\/revisions"}],"wp:attachment":[{"href":"https:\/\/www.acluga.org\/es\/wp-json\/wp\/v2\/media?parent=1754"}],"curies":[{"name":"wp","href":"https:\/\/api.w.org\/{rel}","templated":true}]}}