{"id":3041,"date":"2025-04-24T17:30:00","date_gmt":"2025-04-24T21:30:00","guid":{"rendered":"https:\/\/www.acluga.org\/de-recursos-sobre-los-derechos-de-protesta\/"},"modified":"2026-01-26T15:03:45","modified_gmt":"2026-01-26T20:03:45","slug":"de-recursos-sobre-los-derechos-de-protesta","status":"publish","type":"page","link":"https:\/\/www.acluga.org\/es\/de-recursos-sobre-los-derechos-de-protesta\/","title":{"rendered":"De Recursos Sobre los Derechos de Protesta"},"content":{"rendered":"<h2>\u00bfQU\u00c9 ES <em>PROTEST READY GA?<\/em>&nbsp;<\/h2>\n<p>En todo Georgia y en el resto de la naci\u00f3n, el derecho a expresarse libremente, a protestar y a abogar por el cambio son fundamentales para una democracia pr\u00f3spera. En este momento decisivo, es m\u00e1s importante que nunca garantizar que todas las personas puedan ejercer los derechos que les confiere la Primera Enmienda. La protesta no solamente es una forma vital de expresi\u00f3n y de unidad, sino que es una garant\u00eda para la propia democracia.<\/p>\n<p><strong>Para estar a la altura de este reto, ACLU Georgia ha creado Protest Ready GA, un centro digital de recursos sobre los derechos de protesta en Georgia.<\/strong>&nbsp;&nbsp;<\/p>\n<p><em>Protest Ready GA<\/em> es una iniciativa para empoderar a las personas y comunidades con el conocimiento, las herramientas y el apoyo necesarios para protestar pac\u00edficamente. A trav\u00e9s de la protesta, defendemos nuestras convicciones e iniciamos conversaciones sobre nuestros valores. Esta herramienta ofrece orientaci\u00f3n completa para antes, durante y despu\u00e9s de las protestas: materiales de \u00abConozca sus derechos\u00bb, capacitaci\u00f3n para observadores legales, ayuda con permisos y potencial acci\u00f3n legal.&nbsp;&nbsp;&nbsp;<\/p>\n<p><em>Protest Ready GA<\/em> refleja el compromiso reiterado de ACLU Georgia con un p\u00fablico m\u00e1s informado, participativo y resiliente, listo para defender y ejercer sus derechos.&nbsp;<\/p>\n<p><strong>La disidencia es patri\u00f3tica. Protestar es expresi\u00f3n. <em>Protest Ready GA<\/em> est\u00e1 disponible para cuando decida alzar su voz.&nbsp;<\/strong><\/p>\n<p>&nbsp;<\/p>\n","protected":false},"excerpt":{"rendered":"<p>\u00bfQU\u00c9 ES PROTEST READY GA?&nbsp; En todo Georgia y en el resto de la naci\u00f3n, el derecho a expresarse libremente, a protestar y a abogar por el cambio son fundamentales para una democracia pr\u00f3spera. En este momento decisivo, es m\u00e1s importante que nunca garantizar que todas las personas puedan ejercer los derechos que les confiere [&hellip;]<\/p>\n","protected":false},"author":7,"featured_media":5039,"parent":0,"menu_order":0,"comment_status":"closed","ping_status":"closed","template":"","meta":{"_acf_changed":false,"_relevanssi_hide_post":"","_relevanssi_hide_content":"","_relevanssi_pin_for_all":"","_relevanssi_pin_keywords":"","_relevanssi_unpin_keywords":"","_relevanssi_related_keywords":"","_relevanssi_related_include_ids":"","_relevanssi_related_exclude_ids":"","_relevanssi_related_no_append":"","_relevanssi_related_not_related":"","_relevanssi_related_posts":"","_relevanssi_noindex_reason":"","footnotes":""},"class_list":["post-3041","page","type-page","status-publish","has-post-thumbnail","hentry"],"acf":{"layout":"default","header-group":{"header-description":"","show-subnav":false,"hide-from-subnav":false},"components":[{"acf_fc_layout":"youtube","youtube":{"oembed-url":"https:\/\/www.youtube.com\/watch?v=-PdRN2siueE","cover-image":8029}},{"acf_fc_layout":"heading","heading":{"":null,"text":"\u00bfQU\u00c9 ES PROTEST READY GA?\u00a0","anchor":"","sub-heading":"","type":"h2","heading-style":"standard"}},{"acf_fc_layout":"text","text":{"text":"En todo Georgia y en el resto de la naci\u00f3n, el derecho a expresarse libremente, a protestar y a abogar por el cambio son fundamentales para una democracia pr\u00f3spera. En este momento decisivo, es m\u00e1s importante que nunca garantizar que todas las personas puedan ejercer los derechos que les confiere la Primera Enmienda. La protesta no solamente es una forma vital de expresi\u00f3n y de unidad, sino que es una garant\u00eda para la propia democracia.\r\n\r\n<strong>Para estar a la altura de este reto, ACLU Georgia ha creado Protest Ready GA, un centro digital de recursos sobre los derechos de protesta en Georgia.<\/strong>\r\n\r\n<em>Protest Ready GA<\/em> es una iniciativa para empoderar a las personas y comunidades con el conocimiento, las herramientas y el apoyo necesarios para protestar pac\u00edficamente. A trav\u00e9s de la protesta, defendemos nuestras convicciones e iniciamos conversaciones sobre nuestros valores. Esta herramienta ofrece orientaci\u00f3n completa para antes, durante y despu\u00e9s de las protestas: materiales de \u00abConozca sus derechos\u00bb, capacitaci\u00f3n para observadores legales, ayuda con permisos y potencial acci\u00f3n legal.\r\n\r\n<em>Protest Ready GA<\/em> refleja el compromiso reiterado de ACLU Georgia con un p\u00fablico m\u00e1s informado, participativo y resiliente, listo para defender y ejercer sus derechos.\r\n\r\n<strong>La disidencia es patri\u00f3tica. Protestar es expresi\u00f3n. <em>Protest Ready GA<\/em> est\u00e1 disponible para cuando decida alzar su voz. <\/strong>"}},{"acf_fc_layout":"heading","heading":{"":null,"text":"","anchor":"","sub-heading":"","type":"h2","heading-style":"standard"}},{"acf_fc_layout":"content_link","content_link":{"":null,"content_link_field_group":{"url":"","":null,"title_override":"","image_override":null,"hide_description":false,"description":"","title":"","og-title":"","og-image":null,"og-site-name":""},"card_variant":"vertical","hide_image":false,"width":"standard","alignment":"left"}},{"acf_fc_layout":"accordion","accordion":{"turn_on_faq":false,"list_style":false,"accordion-title":"","description":"","accordion-items":null}},{"acf_fc_layout":"heading","heading":{"":null,"text":"","anchor":"","sub-heading":"","type":"h2","heading-style":"standard"}},{"acf_fc_layout":"youtube","youtube":{"oembed-url":"","cover-image":null}},{"acf_fc_layout":"heading","heading":{"":null,"text":"","anchor":"","sub-heading":"","type":"h2","heading-style":"standard"}},{"acf_fc_layout":"single-image","single-image":{"":null,"image-group":{"image":null,"":null,"caption":"","credit":"","link-settings":"none","url":""},"width":"standard","alignment":"left"}}],"section":null,"issues":"","related_content":"","documents":null},"yoast_head":"<!-- This site is optimized with the Yoast SEO plugin v24.9 - https:\/\/yoast.com\/wordpress\/plugins\/seo\/ -->\n<title>De Recursos Sobre los Derechos de Protesta - ACLU of Georgia<\/title>\n<meta name=\"robots\" content=\"index, follow, max-snippet:-1, max-image-preview:large, max-video-preview:-1\" \/>\n<link rel=\"canonical\" href=\"https:\/\/live-awp-georgia.pantheonsite.io\/es\/de-recursos-sobre-los-derechos-de-protesta\/\" \/>\n<meta property=\"og:locale\" content=\"es_ES\" \/>\n<meta property=\"og:type\" content=\"article\" \/>\n<meta property=\"og:title\" content=\"De Recursos Sobre los Derechos de Protesta - ACLU of Georgia\" \/>\n<meta property=\"og:description\" content=\"\u00bfQU\u00c9 ES PROTEST READY GA?&nbsp; En todo Georgia y en el resto de la naci\u00f3n, el derecho a expresarse libremente, a protestar y a abogar por el cambio son fundamentales para una democracia pr\u00f3spera. En este momento decisivo, es m\u00e1s importante que nunca garantizar que todas las personas puedan ejercer los derechos que les confiere [&hellip;]\" \/>\n<meta property=\"og:url\" content=\"https:\/\/www.acluga.org\/es\/de-recursos-sobre-los-derechos-de-protesta\/\" \/>\n<meta property=\"og:site_name\" content=\"ACLU of Georgia\" \/>\n<meta property=\"article:modified_time\" content=\"2026-01-26T20:03:45+00:00\" \/>\n<meta property=\"og:image\" content=\"https:\/\/live-awp-georgia.pantheonsite.io\/app\/uploads\/2025\/04\/20250405_153335181_ios-scaled.jpg\" \/>\n\t<meta property=\"og:image:width\" content=\"2560\" \/>\n\t<meta property=\"og:image:height\" content=\"1920\" \/>\n\t<meta property=\"og:image:type\" content=\"image\/jpeg\" \/>\n<meta name=\"twitter:card\" content=\"summary_large_image\" \/>\n<script type=\"application\/ld+json\" class=\"yoast-schema-graph\">{\"@context\":\"https:\/\/schema.org\",\"@graph\":[{\"@type\":\"WebPage\",\"@id\":\"https:\/\/live-awp-georgia.pantheonsite.io\/es\/de-recursos-sobre-los-derechos-de-protesta\/\",\"url\":\"https:\/\/live-awp-georgia.pantheonsite.io\/es\/de-recursos-sobre-los-derechos-de-protesta\/\",\"name\":\"De Recursos Sobre los Derechos de Protesta - ACLU of Georgia\",\"isPartOf\":{\"@id\":\"https:\/\/www.acluga.org\/#website\"},\"primaryImageOfPage\":{\"@id\":\"https:\/\/live-awp-georgia.pantheonsite.io\/es\/de-recursos-sobre-los-derechos-de-protesta\/#primaryimage\"},\"image\":{\"@id\":\"https:\/\/live-awp-georgia.pantheonsite.io\/es\/de-recursos-sobre-los-derechos-de-protesta\/#primaryimage\"},\"thumbnailUrl\":\"https:\/\/www.acluga.org\/app\/uploads\/2025\/04\/20250405_153335181_ios-scaled.jpg\",\"datePublished\":\"2025-04-24T21:30:00+00:00\",\"dateModified\":\"2026-01-26T20:03:45+00:00\",\"inLanguage\":\"es-ES\",\"potentialAction\":[{\"@type\":\"ReadAction\",\"target\":[\"https:\/\/live-awp-georgia.pantheonsite.io\/es\/de-recursos-sobre-los-derechos-de-protesta\/\"]}]},{\"@type\":\"ImageObject\",\"inLanguage\":\"es-ES\",\"@id\":\"https:\/\/live-awp-georgia.pantheonsite.io\/es\/de-recursos-sobre-los-derechos-de-protesta\/#primaryimage\",\"url\":\"https:\/\/www.acluga.org\/app\/uploads\/2025\/04\/20250405_153335181_ios-scaled.jpg\",\"contentUrl\":\"https:\/\/www.acluga.org\/app\/uploads\/2025\/04\/20250405_153335181_ios-scaled.jpg\",\"width\":2560,\"height\":1920},{\"@type\":\"WebSite\",\"@id\":\"https:\/\/www.acluga.org\/#website\",\"url\":\"https:\/\/www.acluga.org\/\",\"name\":\"ACLU of Georgia\",\"description\":\"\",\"publisher\":{\"@id\":\"https:\/\/www.acluga.org\/#organization\"},\"potentialAction\":[{\"@type\":\"SearchAction\",\"target\":{\"@type\":\"EntryPoint\",\"urlTemplate\":\"https:\/\/www.acluga.org\/?s={search_term_string}\"},\"query-input\":{\"@type\":\"PropertyValueSpecification\",\"valueRequired\":true,\"valueName\":\"search_term_string\"}}],\"inLanguage\":\"es-ES\"},{\"@type\":\"Organization\",\"@id\":\"https:\/\/www.acluga.org\/#organization\",\"name\":\"ACLU of Georgia\",\"url\":\"https:\/\/www.acluga.org\/\",\"logo\":{\"@type\":\"ImageObject\",\"inLanguage\":\"es-ES\",\"@id\":\"https:\/\/www.acluga.org\/#\/schema\/logo\/image\/\",\"url\":\"https:\/\/www.acluga.org\/app\/uploads\/2025\/08\/ACLU_Georgia_Moblie-WebColor_RGB.png\",\"contentUrl\":\"https:\/\/www.acluga.org\/app\/uploads\/2025\/08\/ACLU_Georgia_Moblie-WebColor_RGB.png\",\"width\":2084,\"height\":2084,\"caption\":\"ACLU of Georgia\"},\"image\":{\"@id\":\"https:\/\/www.acluga.org\/#\/schema\/logo\/image\/\"}}]}<\/script>\n<!-- \/ Yoast SEO plugin. -->","yoast_head_json":{"title":"De Recursos Sobre los Derechos de Protesta - ACLU of Georgia","robots":{"index":"index","follow":"follow","max-snippet":"max-snippet:-1","max-image-preview":"max-image-preview:large","max-video-preview":"max-video-preview:-1"},"canonical":"https:\/\/live-awp-georgia.pantheonsite.io\/es\/de-recursos-sobre-los-derechos-de-protesta\/","og_locale":"es_ES","og_type":"article","og_title":"De Recursos Sobre los Derechos de Protesta - ACLU of Georgia","og_description":"\u00bfQU\u00c9 ES PROTEST READY GA?&nbsp; En todo Georgia y en el resto de la naci\u00f3n, el derecho a expresarse libremente, a protestar y a abogar por el cambio son fundamentales para una democracia pr\u00f3spera. En este momento decisivo, es m\u00e1s importante que nunca garantizar que todas las personas puedan ejercer los derechos que les confiere [&hellip;]","og_url":"https:\/\/www.acluga.org\/es\/de-recursos-sobre-los-derechos-de-protesta\/","og_site_name":"ACLU of Georgia","article_modified_time":"2026-01-26T20:03:45+00:00","og_image":[{"width":2560,"height":1920,"url":"https:\/\/live-awp-georgia.pantheonsite.io\/app\/uploads\/2025\/04\/20250405_153335181_ios-scaled.jpg","type":"image\/jpeg"}],"twitter_card":"summary_large_image","schema":{"@context":"https:\/\/schema.org","@graph":[{"@type":"WebPage","@id":"https:\/\/live-awp-georgia.pantheonsite.io\/es\/de-recursos-sobre-los-derechos-de-protesta\/","url":"https:\/\/live-awp-georgia.pantheonsite.io\/es\/de-recursos-sobre-los-derechos-de-protesta\/","name":"De Recursos Sobre los Derechos de Protesta - ACLU of Georgia","isPartOf":{"@id":"https:\/\/www.acluga.org\/#website"},"primaryImageOfPage":{"@id":"https:\/\/live-awp-georgia.pantheonsite.io\/es\/de-recursos-sobre-los-derechos-de-protesta\/#primaryimage"},"image":{"@id":"https:\/\/live-awp-georgia.pantheonsite.io\/es\/de-recursos-sobre-los-derechos-de-protesta\/#primaryimage"},"thumbnailUrl":"https:\/\/www.acluga.org\/app\/uploads\/2025\/04\/20250405_153335181_ios-scaled.jpg","datePublished":"2025-04-24T21:30:00+00:00","dateModified":"2026-01-26T20:03:45+00:00","inLanguage":"es-ES","potentialAction":[{"@type":"ReadAction","target":["https:\/\/live-awp-georgia.pantheonsite.io\/es\/de-recursos-sobre-los-derechos-de-protesta\/"]}]},{"@type":"ImageObject","inLanguage":"es-ES","@id":"https:\/\/live-awp-georgia.pantheonsite.io\/es\/de-recursos-sobre-los-derechos-de-protesta\/#primaryimage","url":"https:\/\/www.acluga.org\/app\/uploads\/2025\/04\/20250405_153335181_ios-scaled.jpg","contentUrl":"https:\/\/www.acluga.org\/app\/uploads\/2025\/04\/20250405_153335181_ios-scaled.jpg","width":2560,"height":1920},{"@type":"WebSite","@id":"https:\/\/www.acluga.org\/#website","url":"https:\/\/www.acluga.org\/","name":"ACLU of Georgia","description":"","publisher":{"@id":"https:\/\/www.acluga.org\/#organization"},"potentialAction":[{"@type":"SearchAction","target":{"@type":"EntryPoint","urlTemplate":"https:\/\/www.acluga.org\/?s={search_term_string}"},"query-input":{"@type":"PropertyValueSpecification","valueRequired":true,"valueName":"search_term_string"}}],"inLanguage":"es-ES"},{"@type":"Organization","@id":"https:\/\/www.acluga.org\/#organization","name":"ACLU of Georgia","url":"https:\/\/www.acluga.org\/","logo":{"@type":"ImageObject","inLanguage":"es-ES","@id":"https:\/\/www.acluga.org\/#\/schema\/logo\/image\/","url":"https:\/\/www.acluga.org\/app\/uploads\/2025\/08\/ACLU_Georgia_Moblie-WebColor_RGB.png","contentUrl":"https:\/\/www.acluga.org\/app\/uploads\/2025\/08\/ACLU_Georgia_Moblie-WebColor_RGB.png","width":2084,"height":2084,"caption":"ACLU of Georgia"},"image":{"@id":"https:\/\/www.acluga.org\/#\/schema\/logo\/image\/"}}]}},"distributor_meta":false,"distributor_terms":false,"distributor_media":false,"distributor_original_site_name":"ACLU of Georgia","distributor_original_site_url":"https:\/\/www.acluga.org\/es\/","push-errors":false,"_links":{"self":[{"href":"https:\/\/www.acluga.org\/es\/wp-json\/wp\/v2\/pages\/3041","targetHints":{"allow":["GET"]}}],"collection":[{"href":"https:\/\/www.acluga.org\/es\/wp-json\/wp\/v2\/pages"}],"about":[{"href":"https:\/\/www.acluga.org\/es\/wp-json\/wp\/v2\/types\/page"}],"author":[{"embeddable":true,"href":"https:\/\/www.acluga.org\/es\/wp-json\/wp\/v2\/users\/7"}],"replies":[{"embeddable":true,"href":"https:\/\/www.acluga.org\/es\/wp-json\/wp\/v2\/comments?post=3041"}],"version-history":[{"count":2,"href":"https:\/\/www.acluga.org\/es\/wp-json\/wp\/v2\/pages\/3041\/revisions"}],"predecessor-version":[{"id":9942,"href":"https:\/\/www.acluga.org\/es\/wp-json\/wp\/v2\/pages\/3041\/revisions\/9942"}],"wp:featuredmedia":[{"embeddable":true,"href":"https:\/\/www.acluga.org\/es\/wp-json\/wp\/v2\/media\/5039"}],"wp:attachment":[{"href":"https:\/\/www.acluga.org\/es\/wp-json\/wp\/v2\/media?parent=3041"}],"curies":[{"name":"wp","href":"https:\/\/api.w.org\/{rel}","templated":true}]}}